{"id":1699,"date":"2025-07-26T17:32:37","date_gmt":"2025-07-26T15:32:37","guid":{"rendered":"https:\/\/taekwondo-saintpriest.fr\/?post_type=product&#038;p=1699"},"modified":"2025-07-26T17:35:27","modified_gmt":"2025-07-26T15:35:27","slug":"cours-taekwondo-adolescent-9-a-14-ans","status":"publish","type":"product","link":"https:\/\/taekwondo-saintpriest.fr\/index.php\/produit\/cours-taekwondo-adolescent-9-a-14-ans\/","title":{"rendered":"Cours Taekwondo adolescent (9 \u00e0 14 ans)"},"content":{"rendered":"<p>Cours de Taekwondo pour adolescents d\u00e9butants et confirm\u00e9s. Entra\u00eenements encadr\u00e9s, progression adapt\u00e9e, ambiance conviviale. Pass\u2019Sport accept\u00e9. Rejoignez-nous pour d\u00e9couvrir les valeurs du Taekwondo !<\/p>\n","protected":false},"excerpt":{"rendered":"<p>Cours de Taekwondo pour adolescents d\u00e9butants et confirm\u00e9s.<\/p>\n","protected":false},"featured_media":0,"comment_status":"open","ping_status":"closed","template":"","meta":[],"product_brand":[],"product_cat":[20],"product_tag":[],"class_list":{"0":"post-1699","1":"product","2":"type-product","3":"status-publish","5":"product_cat-cours-de-taekwondo","7":"first","8":"instock","9":"downloadable","10":"virtual","11":"purchasable","12":"product-type-simple"},"jetpack_sharing_enabled":true,"_links":{"self":[{"href":"https:\/\/taekwondo-saintpriest.fr\/index.php\/wp-json\/wp\/v2\/product\/1699","targetHints":{"allow":["GET"]}}],"collection":[{"href":"https:\/\/taekwondo-saintpriest.fr\/index.php\/wp-json\/wp\/v2\/product"}],"about":[{"href":"https:\/\/taekwondo-saintpriest.fr\/index.php\/wp-json\/wp\/v2\/types\/product"}],"replies":[{"embeddable":true,"href":"https:\/\/taekwondo-saintpriest.fr\/index.php\/wp-json\/wp\/v2\/comments?post=1699"}],"wp:attachment":[{"href":"https:\/\/taekwondo-saintpriest.fr\/index.php\/wp-json\/wp\/v2\/media?parent=1699"}],"wp:term":[{"taxonomy":"product_brand","embeddable":true,"href":"https:\/\/taekwondo-saintpriest.fr\/index.php\/wp-json\/wp\/v2\/product_brand?post=1699"},{"taxonomy":"product_cat","embeddable":true,"href":"https:\/\/taekwondo-saintpriest.fr\/index.php\/wp-json\/wp\/v2\/product_cat?post=1699"},{"taxonomy":"product_tag","embeddable":true,"href":"https:\/\/taekwondo-saintpriest.fr\/index.php\/wp-json\/wp\/v2\/product_tag?post=1699"}],"curies":[{"name":"wp","href":"https:\/\/api.w.org\/{rel}","templated":true}]}}