{"id":393,"date":"2022-08-19T19:10:21","date_gmt":"2022-08-19T17:10:21","guid":{"rendered":"http:\/\/taekwondo-saintpriest.fr\/?page_id=393"},"modified":"2025-08-30T13:27:07","modified_gmt":"2025-08-30T11:27:07","slug":"tarifs-aides","status":"publish","type":"page","link":"https:\/\/taekwondo-saintpriest.fr\/index.php\/tarifs-aides\/","title":{"rendered":"Tarifs &amp; Aides"},"content":{"rendered":"\n<h2 class=\"wp-block-heading\"><strong>Tarifs<\/strong><\/h2>\n\n\n\n<h3 class=\"wp-block-heading\">Tarifs Taekwondo<\/h3>\n\n\n\n<ul class=\"wp-block-list\">\n<li>Enfants (4 \u00e0 8 ans) : 270 \u20ac \/ an<\/li>\n\n\n\n<li>Adolescents (9 \u00e0 13 ans) : 270 \u20ac \/ an<\/li>\n\n\n\n<li>Adultes (\u00e0 partir de 14 ans) : 310 \u20ac \/ an<br><\/li>\n\n\n\n<li>Licence f\u00e9d\u00e9rale 40\u20ac \/ an<\/li>\n<\/ul>\n\n\n\n<h3 class=\"wp-block-heading\">Tarif boxing pieds poings<\/h3>\n\n\n\n<ul class=\"wp-block-list\">\n<li>Boxing Pieds-Poings (Ados &amp; Adultes) : 310 \u20ac \/ an<\/li>\n<\/ul>\n\n\n\n<p><\/p>\n\n\n\n<h2 class=\"wp-block-heading\">Aides<\/h2>\n\n\n\n<h3 class=\"wp-block-heading\">Pass&rsquo;Sport <\/h3>\n\n\n\n<figure class=\"wp-block-image size-full\"><img loading=\"lazy\" decoding=\"async\" width=\"666\" height=\"259\" src=\"https:\/\/taekwondo-saintpriest.fr\/wp-content\/uploads\/2025\/08\/image.png\" alt=\"\" class=\"wp-image-1725\" srcset=\"https:\/\/taekwondo-saintpriest.fr\/wp-content\/uploads\/2025\/08\/image.png 666w, https:\/\/taekwondo-saintpriest.fr\/wp-content\/uploads\/2025\/08\/image-300x117.png 300w, https:\/\/taekwondo-saintpriest.fr\/wp-content\/uploads\/2025\/08\/image-600x233.png 600w\" sizes=\"auto, (max-width: 666px) 100vw, 666px\" \/><\/figure>\n\n\n\n<p><strong><mark style=\"background-color:rgba(0, 0, 0, 0)\" class=\"has-inline-color has-black-color\">LE PASS\u2019SPORT est reconduit pour la saison sportive 2025-2026 ! <\/mark><\/strong><\/p>\n\n\n\n<p>Profitez de <strong>70,00 euros<\/strong> pour vous inscrire au <strong>Taekwondo Saint-Priest<\/strong>.<\/p>\n\n\n\n<p><em>Le Pass\u2019Sport est une allocation de rentr\u00e9e sportive de&nbsp;<strong>50 euros<\/strong>&nbsp;par enfant\/jeune adulte \u00e9ligible pour financer tout ou partie de son inscription dans une structure sportive \u00e9ligible pour la saison 2024-2025.<\/em><\/p>\n\n\n\n<p><strong>Qui est concern\u00e9 ? <\/strong><\/p>\n\n\n\n<ul class=\"wp-block-list\">\n<li>Les jeunes de 14 \u00e0 17 ans b\u00e9n\u00e9ficiaires de l\u2019Allocation de Rentr\u00e9e Scolaire (ARS) ;<\/li>\n\n\n\n<li>Les jeunes en situation de handicap :\n<ul class=\"wp-block-list\">\n<li>de 6 \u00e0 19 ans b\u00e9n\u00e9ficiaires de l\u2019Allocation d\u2019\u00c9ducation de l\u2019Enfant Handicap\u00e9 (AEEH) ;<\/li>\n\n\n\n<li>de 16 \u00e0 30 ans b\u00e9n\u00e9ficiaires de l\u2019Allocation aux Adultes Handicap\u00e9s (AAH) ;<\/li>\n<\/ul>\n<\/li>\n\n\n\n<li>Les \u00e9tudiants boursiers de moins de 28 ans b\u00e9n\u00e9ficiaires d\u2019une bourse attribu\u00e9e avant le 15 octobre 2025 :\n<ul class=\"wp-block-list\">\n<li>bourse du CROUS (y compris l\u2019aide annuelle) ;<\/li>\n\n\n\n<li>bourse r\u00e9gionale formations sanitaires et sociales.<\/li>\n<\/ul>\n<\/li>\n<\/ul>\n\n\n\n<p><strong>Comment cela fonctionne ?<\/strong><\/p>\n\n\n\n<p>Le Pass\u2019Sport est une d\u00e9duction de 70 euros pour l\u2019inscription dans un club sportif. Ce coupon de d\u00e9duction est personnel et utilisable qu\u2019une seule fois aupr\u00e8s d\u2019un club choisi. Le Pass\u2019Sport est une aide cumulable avec les autres aides mises en place notamment par les collectivit\u00e9s.<\/p>\n\n\n\n<p>Si vous&nbsp;<strong>\u00eates \u00e9ligible<\/strong>, vous recevrez un courriel ou un SMS avec votre pass Sport :<\/p>\n\n\n\n<p><strong>26-28 ao\u00fbt<\/strong>\u00a0: pour les b\u00e9n\u00e9ficiaires de l&rsquo;ARS, de l&rsquo;AEEH et de l&rsquo;AAH<br><strong>Entre fin octobre et fin novembre<\/strong>\u00a0: pour les \u00e9tudiants boursiers.<br><br><strong>L\u2019ouverture d\u00e9but septembre d\u2019un nouveau Portail Pass\u2019Sport, permettra aux jeunes et aux familles \u00e9ligibles de r\u00e9cup\u00e9rer leur code s\u2019ils ne l\u2019ont pas re\u00e7u par email ou s\u2019ils l\u2019ont perdu.<\/strong><br><br><br><\/p>\n\n\n\n<h3 class=\"wp-block-heading\">Pass&rsquo;R\u00e9gion Jeune <\/h3>\n\n\n\n<p><br>Le\u00a0<strong>Pass R\u00e9gion Jeune<\/strong>, propos\u00e9 par la R\u00e9gion Auvergne-Rh\u00f4ne-Alpes, permet de b\u00e9n\u00e9ficier d\u2019une r\u00e9duction de\u00a0<strong>30 \u20ac par an<\/strong> (cumulable sur la dur\u00e9e de la formation)\u00a0sur l\u2019inscription sportive.<\/p>\n\n\n\n<p>Il est destin\u00e9 aux&nbsp;<strong>lyc\u00e9ens, apprentis et \u00e9tudiants<\/strong>&nbsp;de la r\u00e9gion.<\/p>\n\n\n\n<p><br><br><br><\/p>\n","protected":false},"excerpt":{"rendered":"<p>Tarifs Tarifs Taekwondo Tarif boxing pieds poings Aides Pass&rsquo;Sport LE PASS\u2019SPORT est reconduit pour la saison sportive 2025-2026 ! Profitez de 70,00 euros pour vous inscrire au Taekwondo Saint-Priest. Le Pass\u2019Sport est une allocation de rentr\u00e9e sportive de&nbsp;50 euros&nbsp;par enfant\/jeune adulte \u00e9ligible pour financer tout ou partie de son inscription [&hellip;]<\/p>\n","protected":false},"author":1,"featured_media":0,"parent":0,"menu_order":0,"comment_status":"closed","ping_status":"closed","template":"","meta":{"footnotes":""},"class_list":["post-393","page","type-page","status-publish","hentry"],"jetpack_sharing_enabled":true,"_links":{"self":[{"href":"https:\/\/taekwondo-saintpriest.fr\/index.php\/wp-json\/wp\/v2\/pages\/393","targetHints":{"allow":["GET"]}}],"collection":[{"href":"https:\/\/taekwondo-saintpriest.fr\/index.php\/wp-json\/wp\/v2\/pages"}],"about":[{"href":"https:\/\/taekwondo-saintpriest.fr\/index.php\/wp-json\/wp\/v2\/types\/page"}],"author":[{"embeddable":true,"href":"https:\/\/taekwondo-saintpriest.fr\/index.php\/wp-json\/wp\/v2\/users\/1"}],"replies":[{"embeddable":true,"href":"https:\/\/taekwondo-saintpriest.fr\/index.php\/wp-json\/wp\/v2\/comments?post=393"}],"version-history":[{"count":13,"href":"https:\/\/taekwondo-saintpriest.fr\/index.php\/wp-json\/wp\/v2\/pages\/393\/revisions"}],"predecessor-version":[{"id":1733,"href":"https:\/\/taekwondo-saintpriest.fr\/index.php\/wp-json\/wp\/v2\/pages\/393\/revisions\/1733"}],"wp:attachment":[{"href":"https:\/\/taekwondo-saintpriest.fr\/index.php\/wp-json\/wp\/v2\/media?parent=393"}],"curies":[{"name":"wp","href":"https:\/\/api.w.org\/{rel}","templated":true}]}}