{"id":22,"date":"2022-08-11T21:45:19","date_gmt":"2022-08-11T19:45:19","guid":{"rendered":"http:\/\/taekwondo-saintpriest.fr\/?page_id=22"},"modified":"2025-06-15T23:05:34","modified_gmt":"2025-06-15T21:05:34","slug":"rentree-2025-2026","status":"publish","type":"page","link":"https:\/\/taekwondo-saintpriest.fr\/index.php\/rentree-2025-2026\/","title":{"rendered":"Rentr\u00e9e 2025 &#8211; 2026"},"content":{"rendered":"\n<p><strong>Fiche de renseignements :<\/strong> <\/p>\n\n\n\n<div class=\"wp-block-columns is-layout-flex wp-container-core-columns-is-layout-28f84493 wp-block-columns-is-layout-flex\">\n<div class=\"wp-block-column is-layout-flow wp-block-column-is-layout-flow\" style=\"flex-basis:100%\">\n<div class=\"wp-block-group\"><div class=\"wp-block-group__inner-container is-layout-constrained wp-block-group-is-layout-constrained\">\n<div class=\"wp-block-columns is-layout-flex wp-container-core-columns-is-layout-28f84493 wp-block-columns-is-layout-flex\">\n<div class=\"wp-block-column is-layout-flow wp-block-column-is-layout-flow\" style=\"flex-basis:100%\">\n<div class=\"wp-block-group\"><div class=\"wp-block-group__inner-container is-layout-constrained wp-block-group-is-layout-constrained\">\n<div data-wp-interactive=\"core\/file\" class=\"wp-block-file\"><object data-wp-bind--hidden=\"!state.hasPdfPreview\" hidden class=\"wp-block-file__embed\" data=\"https:\/\/taekwondo-saintpriest.fr\/wp-content\/uploads\/2025\/06\/Rentree-2025-2026.pdf\" type=\"application\/pdf\" style=\"width:100%;height:600px\" aria-label=\"Contenu embarqu\u00e9 Rentree-2025-2026.\"><\/object><a id=\"wp-block-file--media-8f0a0638-b612-4f2a-b8a9-e86db4fabdde\" href=\"https:\/\/taekwondo-saintpriest.fr\/wp-content\/uploads\/2025\/06\/Rentree-2025-2026.pdf\">Rentree-2025-2026<\/a><a href=\"https:\/\/taekwondo-saintpriest.fr\/wp-content\/uploads\/2025\/06\/Rentree-2025-2026.pdf\" class=\"wp-block-file__button wp-element-button\" download aria-describedby=\"wp-block-file--media-8f0a0638-b612-4f2a-b8a9-e86db4fabdde\">T\u00e9l\u00e9charger<\/a><\/div>\n<\/div><\/div>\n<\/div>\n<\/div>\n<\/div><\/div>\n<\/div>\n<\/div>\n\n\n\n<p><strong><mark style=\"background-color:#fcb900\" class=\"has-inline-color\">Le dossier d&rsquo;inscription pour une (r\u00e9)-inscription est t\u00e9l\u00e9chargeable ici : <\/mark><\/strong><\/p>\n\n\n\n<div data-wp-interactive=\"core\/file\" class=\"wp-block-file\"><object data-wp-bind--hidden=\"!state.hasPdfPreview\" hidden class=\"wp-block-file__embed\" data=\"https:\/\/taekwondo-saintpriest.fr\/wp-content\/uploads\/2025\/06\/Dossier-dinscription-2025-2026.pdf\" type=\"application\/pdf\" style=\"width:100%;height:600px\" aria-label=\"Contenu embarqu\u00e9 Dossier d&apos;inscription 2025-2026.\"><\/object><a id=\"wp-block-file--media-4dbd1b90-797e-4805-92bc-88ff03a9eb78\" href=\"https:\/\/taekwondo-saintpriest.fr\/wp-content\/uploads\/2025\/06\/Dossier-dinscription-2025-2026.pdf\">Dossier d&rsquo;inscription 2025-2026<\/a><a href=\"https:\/\/taekwondo-saintpriest.fr\/wp-content\/uploads\/2025\/06\/Dossier-dinscription-2025-2026.pdf\" class=\"wp-block-file__button wp-element-button\" download aria-describedby=\"wp-block-file--media-4dbd1b90-797e-4805-92bc-88ff03a9eb78\">T\u00e9l\u00e9charger<\/a><\/div>\n\n\n\n<div data-wp-interactive=\"core\/file\" class=\"wp-block-file\"><object data-wp-bind--hidden=\"!state.hasPdfPreview\" hidden class=\"wp-block-file__embed\" data=\"https:\/\/taekwondo-saintpriest.fr\/wp-content\/uploads\/2025\/06\/Questionnaire-medical.pdf\" type=\"application\/pdf\" style=\"width:100%;height:600px\" aria-label=\"Contenu embarqu\u00e9 Questionnaire-medical.\"><\/object><a id=\"wp-block-file--media-d3834532-208d-4719-80a2-ca421edfc1dc\" href=\"https:\/\/taekwondo-saintpriest.fr\/wp-content\/uploads\/2025\/06\/Questionnaire-medical.pdf\">Questionnaire-medical<\/a><a href=\"https:\/\/taekwondo-saintpriest.fr\/wp-content\/uploads\/2025\/06\/Questionnaire-medical.pdf\" class=\"wp-block-file__button wp-element-button\" download aria-describedby=\"wp-block-file--media-d3834532-208d-4719-80a2-ca421edfc1dc\">T\u00e9l\u00e9charger<\/a><\/div>\n\n\n\n<p><strong><mark style=\"background-color:#fcb900\" class=\"has-inline-color\">Aucun dossier incomplet ne sera accept\u00e9  ! <\/mark><\/strong><\/p>\n\n\n\n<p><strong><em><mark style=\"background-color:rgba(0, 0, 0, 0)\" class=\"has-inline-color has-vivid-cyan-blue-color\">Liste des documents n\u00e9cessaires pour l&rsquo;inscription : <\/mark><\/em><\/strong><\/p>\n\n\n\n<ul class=\"wp-block-list\">\n<li>Dossier d&rsquo;inscription rempli et sign\u00e9 <\/li>\n\n\n\n<li>Versement de la cotisation <\/li>\n\n\n\n<li>Certificat m\u00e9dical (comp\u00e9titeurs) ou questionnaire m\u00e9dical (loisir)<\/li>\n\n\n\n<li>1 photo d&rsquo;identit\u00e9<\/li>\n\n\n\n<li>1 enveloppe timbr\u00e9e moyen format<\/li>\n\n\n\n<li>R\u00e8glement des frais de licence par ch\u00e8que si vous la souscrivez (40 euros)<\/li>\n\n\n\n<li>Attestation d&rsquo;assurance (responsabilit\u00e9 civile)<\/li>\n\n\n\n<li>Autorisation de quitter le gymnase seul (pour les ados mineurs seulement)<\/li>\n<\/ul>\n\n\n\n<p>Vous pouvez nous contacter par mail ou t\u00e9l\u00e9phone pour toute demande de renseignements, nos coordonn\u00e9es se trouvent dans l&rsquo;onglet \u00ab\u00a0<a href=\"https:\/\/taekwondo-saintpriest.fr\/index.php\/contact-plans-dacces\/\" target=\"_blank\" rel=\"noreferrer noopener\">contact &amp; plan d&rsquo;acc\u00e8s<\/a>\u00a0\u00bb .<\/p>\n","protected":false},"excerpt":{"rendered":"<p>Fiche de renseignements : Le dossier d&rsquo;inscription pour une (r\u00e9)-inscription est t\u00e9l\u00e9chargeable ici : Aucun dossier incomplet ne sera accept\u00e9 ! Liste des documents n\u00e9cessaires pour l&rsquo;inscription : Vous pouvez nous contacter par mail ou t\u00e9l\u00e9phone pour toute demande de renseignements, nos coordonn\u00e9es se trouvent dans l&rsquo;onglet \u00ab\u00a0contact &amp; plan [&hellip;]<\/p>\n","protected":false},"author":1,"featured_media":0,"parent":0,"menu_order":0,"comment_status":"closed","ping_status":"closed","template":"","meta":{"footnotes":""},"class_list":["post-22","page","type-page","status-publish","hentry"],"jetpack_sharing_enabled":true,"_links":{"self":[{"href":"https:\/\/taekwondo-saintpriest.fr\/index.php\/wp-json\/wp\/v2\/pages\/22","targetHints":{"allow":["GET"]}}],"collection":[{"href":"https:\/\/taekwondo-saintpriest.fr\/index.php\/wp-json\/wp\/v2\/pages"}],"about":[{"href":"https:\/\/taekwondo-saintpriest.fr\/index.php\/wp-json\/wp\/v2\/types\/page"}],"author":[{"embeddable":true,"href":"https:\/\/taekwondo-saintpriest.fr\/index.php\/wp-json\/wp\/v2\/users\/1"}],"replies":[{"embeddable":true,"href":"https:\/\/taekwondo-saintpriest.fr\/index.php\/wp-json\/wp\/v2\/comments?post=22"}],"version-history":[{"count":50,"href":"https:\/\/taekwondo-saintpriest.fr\/index.php\/wp-json\/wp\/v2\/pages\/22\/revisions"}],"predecessor-version":[{"id":1619,"href":"https:\/\/taekwondo-saintpriest.fr\/index.php\/wp-json\/wp\/v2\/pages\/22\/revisions\/1619"}],"wp:attachment":[{"href":"https:\/\/taekwondo-saintpriest.fr\/index.php\/wp-json\/wp\/v2\/media?parent=22"}],"curies":[{"name":"wp","href":"https:\/\/api.w.org\/{rel}","templated":true}]}}