{"id":1743,"date":"2025-08-30T13:45:21","date_gmt":"2025-08-30T11:45:21","guid":{"rendered":"https:\/\/taekwondo-saintpriest.fr\/?page_id=1743"},"modified":"2025-08-30T13:46:58","modified_gmt":"2025-08-30T11:46:58","slug":"cours-et-horaires","status":"publish","type":"page","link":"https:\/\/taekwondo-saintpriest.fr\/index.php\/cours-et-horaires\/","title":{"rendered":"Cours et horaires"},"content":{"rendered":"\n<p><\/p>\n\n\n\n<figure class=\"wp-block-table\"><table class=\"has-fixed-layout\"><thead><tr><th class=\"has-text-align-center\" data-align=\"center\"><strong>Horaire<\/strong><\/th><th class=\"has-text-align-center\" data-align=\"center\"><strong>Lundi &#8211; Jeudi<\/strong><\/th><th class=\"has-text-align-center\" data-align=\"center\"><strong>Mardi &#8211; Vendredi<\/strong><\/th><th class=\"has-text-align-center\" data-align=\"center\"><strong>Samedi<\/strong><\/th><\/tr><\/thead><tbody><tr><td class=\"has-text-align-center\" data-align=\"center\">10h00 &#8211; 12h00<\/td><td class=\"has-text-align-center\" data-align=\"center\">\u2013<\/td><td class=\"has-text-align-center\" data-align=\"center\">\u2013<\/td><td class=\"has-text-align-center\" data-align=\"center\">Combat (invitation)<\/td><\/tr><tr><td class=\"has-text-align-center\" data-align=\"center\">17h45 &#8211; 18h45<\/td><td class=\"has-text-align-center\" data-align=\"center\">Enfants d\u00e9butants<\/td><td class=\"has-text-align-center\" data-align=\"center\">Enfants confirm\u00e9s<\/td><td class=\"has-text-align-center\" data-align=\"center\">\u2013<\/td><\/tr><tr><td class=\"has-text-align-center\" data-align=\"center\">18h45 &#8211; 19h45<\/td><td class=\"has-text-align-center\" data-align=\"center\">Ados d\u00e9butants<\/td><td class=\"has-text-align-center\" data-align=\"center\">Ados confirm\u00e9s<\/td><td class=\"has-text-align-center\" data-align=\"center\">\u2013<\/td><\/tr><tr><td class=\"has-text-align-center\" data-align=\"center\">20h00 &#8211; 21h30<\/td><td class=\"has-text-align-center\" data-align=\"center\">Boxing Pieds-Poings<\/td><td class=\"has-text-align-center\" data-align=\"center\">Adultes d\u00e9butants et confirm\u00e9s<\/td><td class=\"has-text-align-center\" data-align=\"center\">\u2013<\/td><\/tr><\/tbody><\/table><\/figure>\n\n\n\n<h2 class=\"wp-block-heading\"><br><br>Taekwondo<\/h2>\n\n\n\n<h3 class=\"wp-block-heading\"><strong>Enfants (4 \u00e0 8 ans)<\/strong><\/h3>\n\n\n\n<p>Les cours pour les enfants d\u00e9butants se d\u00e9roulent le&nbsp;<strong>lundi et le jeudi de 17h45 \u00e0 18h45<\/strong>.<\/p>\n\n\n\n<p>Les enfants confirm\u00e9s s\u2019entra\u00eenent le&nbsp;<strong>mardi et le vendredi sur le m\u00eame cr\u00e9neau horaire (17h45 \u00e0 18h45)<\/strong>.<\/p>\n\n\n\n<h3 class=\"wp-block-heading\"><strong>Adolescents (9 \u00e0 13 ans)<\/strong><\/h3>\n\n\n\n<p>Les adolescents d\u00e9butants s\u2019entra\u00eenent le&nbsp;<strong>lundi et le jeudi de 18h45 \u00e0 19h45<\/strong>.<\/p>\n\n\n\n<p>Les confirm\u00e9s ont cours le&nbsp;<strong>mardi et le vendredi aux m\u00eames horaires (18h45 \u00e0 19h45)<\/strong>.<\/p>\n\n\n\n<h3 class=\"wp-block-heading\"><strong>Adultes et adolescents \u00e0 partir de 14 ans<\/strong><\/h3>\n\n\n\n<p>Les cours pour les ados et adultes (d\u00e9butants et confirm\u00e9s) se tiennent le&nbsp;<strong>mardi et le vendredi de 20h00 \u00e0 21h30<\/strong>.<\/p>\n\n\n\n<h3 class=\"wp-block-heading\"><strong>Combat<\/strong><\/h3>\n\n\n\n<p>Les cours de taekwondo combat sont r\u00e9serv\u00e9s aux pratiquants invit\u00e9s.<\/p>\n\n\n\n<p>Ils se d\u00e9roulent le&nbsp;<strong>samedi de 10h00 \u00e0 12h00<\/strong>.<\/p>\n\n\n\n<h2 class=\"wp-block-heading\"><strong>Boxing Pieds-Poings<\/strong><\/h2>\n\n\n\n<p>Les cours de boxing pieds-poings, r\u00e9serv\u00e9s aux adolescents et adultes, ont lieu le\u00a0<strong>lundi et le jeudi de 20h00 \u00e0 21h30<\/strong>.<\/p>\n\n\n\n<p><br><\/p>\n\n\n\n<p><\/p>\n","protected":false},"excerpt":{"rendered":"<p>Horaire Lundi &#8211; Jeudi Mardi &#8211; Vendredi Samedi 10h00 &#8211; 12h00 \u2013 \u2013 Combat (invitation) 17h45 &#8211; 18h45 Enfants d\u00e9butants Enfants confirm\u00e9s \u2013 18h45 &#8211; 19h45 Ados d\u00e9butants Ados confirm\u00e9s \u2013 20h00 &#8211; 21h30 Boxing Pieds-Poings Adultes d\u00e9butants et confirm\u00e9s \u2013 Taekwondo Enfants (4 \u00e0 8 ans) Les cours pour [&hellip;]<\/p>\n","protected":false},"author":1,"featured_media":0,"parent":0,"menu_order":0,"comment_status":"closed","ping_status":"closed","template":"","meta":{"footnotes":""},"class_list":["post-1743","page","type-page","status-publish","hentry"],"jetpack_sharing_enabled":true,"_links":{"self":[{"href":"https:\/\/taekwondo-saintpriest.fr\/index.php\/wp-json\/wp\/v2\/pages\/1743","targetHints":{"allow":["GET"]}}],"collection":[{"href":"https:\/\/taekwondo-saintpriest.fr\/index.php\/wp-json\/wp\/v2\/pages"}],"about":[{"href":"https:\/\/taekwondo-saintpriest.fr\/index.php\/wp-json\/wp\/v2\/types\/page"}],"author":[{"embeddable":true,"href":"https:\/\/taekwondo-saintpriest.fr\/index.php\/wp-json\/wp\/v2\/users\/1"}],"replies":[{"embeddable":true,"href":"https:\/\/taekwondo-saintpriest.fr\/index.php\/wp-json\/wp\/v2\/comments?post=1743"}],"version-history":[{"count":3,"href":"https:\/\/taekwondo-saintpriest.fr\/index.php\/wp-json\/wp\/v2\/pages\/1743\/revisions"}],"predecessor-version":[{"id":1747,"href":"https:\/\/taekwondo-saintpriest.fr\/index.php\/wp-json\/wp\/v2\/pages\/1743\/revisions\/1747"}],"wp:attachment":[{"href":"https:\/\/taekwondo-saintpriest.fr\/index.php\/wp-json\/wp\/v2\/media?parent=1743"}],"curies":[{"name":"wp","href":"https:\/\/api.w.org\/{rel}","templated":true}]}}